{"id":168,"date":"2023-01-28T00:24:13","date_gmt":"2023-01-28T00:24:13","guid":{"rendered":"https:\/\/lubmesam.com.mx\/greentec\/index.php\/productos-avicultura\/"},"modified":"2023-07-25T19:03:53","modified_gmt":"2023-07-25T19:03:53","slug":"productos-control-clima","status":"publish","type":"page","link":"https:\/\/lubmesam.com.mx\/greentec\/index.php\/productos-control-clima\/","title":{"rendered":"Productos de Control Climatico"},"content":{"rendered":"\t\t<div data-elementor-type=\"wp-page\" data-elementor-id=\"168\" class=\"elementor elementor-168\" data-elementor-post-type=\"page\">\n\t\t\t\t\t\t<section class=\"elementor-section elementor-top-section elementor-element elementor-element-57e74761 elementor-section-full_width elementor-section-height-min-height elementor-section-items-stretch elementor-section-content-middle elementor-section-height-default\" data-id=\"57e74761\" data-element_type=\"section\" data-settings=\"{&quot;background_background&quot;:&quot;classic&quot;}\">\n\t\t\t\t\t\t<div class=\"elementor-container elementor-column-gap-no\">\n\t\t\t\t\t<div class=\"elementor-column elementor-col-100 elementor-top-column elementor-element elementor-element-7a42b91\" data-id=\"7a42b91\" data-element_type=\"column\">\n\t\t\t<div class=\"elementor-widget-wrap elementor-element-populated\">\n\t\t\t\t\t\t<div class=\"elementor-element elementor-element-33c05f82 elementor-widget elementor-widget-heading\" data-id=\"33c05f82\" data-element_type=\"widget\" data-widget_type=\"heading.default\">\n\t\t\t\t<div class=\"elementor-widget-container\">\n\t\t\t\t\t<h1 class=\"elementor-heading-title elementor-size-default\">Productos<\/h1>\t\t\t\t<\/div>\n\t\t\t\t<\/div>\n\t\t\t\t\t<\/div>\n\t\t<\/div>\n\t\t\t\t\t<\/div>\n\t\t<\/section>\n\t\t\t\t<section class=\"elementor-section elementor-top-section elementor-element elementor-element-4fe46332 elementor-section-boxed elementor-section-height-default elementor-section-height-default\" data-id=\"4fe46332\" data-element_type=\"section\">\n\t\t\t\t\t\t<div class=\"elementor-container elementor-column-gap-no\">\n\t\t\t\t\t<div class=\"elementor-column elementor-col-33 elementor-top-column elementor-element elementor-element-648cd439\" data-id=\"648cd439\" data-element_type=\"column\">\n\t\t\t<div class=\"elementor-widget-wrap elementor-element-populated\">\n\t\t\t\t\t\t<div class=\"elementor-element elementor-element-3923938a elementor-widget elementor-widget-image\" data-id=\"3923938a\" data-element_type=\"widget\" data-widget_type=\"image.default\">\n\t\t\t\t<div class=\"elementor-widget-container\">\n\t\t\t\t\t\t\t\t\t\t\t\t\t\t\t<img fetchpriority=\"high\" decoding=\"async\" width=\"500\" height=\"500\" src=\"https:\/\/lubmesam.com.mx\/greentec\/wp-content\/uploads\/2023\/01\/clima001.png\" class=\"attachment-large size-large wp-image-164\" alt=\"\" srcset=\"https:\/\/lubmesam.com.mx\/greentec\/wp-content\/uploads\/2023\/01\/clima001.png 500w, https:\/\/lubmesam.com.mx\/greentec\/wp-content\/uploads\/2023\/01\/clima001-300x300.png 300w, https:\/\/lubmesam.com.mx\/greentec\/wp-content\/uploads\/2023\/01\/clima001-150x150.png 150w\" sizes=\"(max-width: 500px) 100vw, 500px\" \/>\t\t\t\t\t\t\t\t\t\t\t\t\t\t\t<\/div>\n\t\t\t\t<\/div>\n\t\t\t\t\t<\/div>\n\t\t<\/div>\n\t\t\t\t<div class=\"elementor-column elementor-col-66 elementor-top-column elementor-element elementor-element-293011e5\" data-id=\"293011e5\" data-element_type=\"column\">\n\t\t\t<div class=\"elementor-widget-wrap elementor-element-populated\">\n\t\t\t\t\t\t<div class=\"elementor-element elementor-element-7b49967b elementor-widget elementor-widget-heading\" data-id=\"7b49967b\" data-element_type=\"widget\" data-widget_type=\"heading.default\">\n\t\t\t\t<div class=\"elementor-widget-container\">\n\t\t\t\t\t<h2 class=\"elementor-heading-title elementor-size-default\">Sistemas de Control Clim\u00e1tico<\/h2>\t\t\t\t<\/div>\n\t\t\t\t<\/div>\n\t\t\t\t<div class=\"elementor-element elementor-element-48277074 elementor-widget elementor-widget-accordion\" data-id=\"48277074\" data-element_type=\"widget\" data-widget_type=\"accordion.default\">\n\t\t\t\t<div class=\"elementor-widget-container\">\n\t\t\t\t\t\t\t<div class=\"elementor-accordion\">\n\t\t\t\t\t\t\t<div class=\"elementor-accordion-item\">\n\t\t\t\t\t<div id=\"elementor-tab-title-1211\" class=\"elementor-tab-title\" data-tab=\"1\" role=\"button\" aria-controls=\"elementor-tab-content-1211\" aria-expanded=\"false\">\n\t\t\t\t\t\t\t\t\t\t\t\t\t<span class=\"elementor-accordion-icon elementor-accordion-icon-left\" aria-hidden=\"true\">\n\t\t\t\t\t\t\t\t\t\t\t\t\t\t\t<span class=\"elementor-accordion-icon-closed\"><i class=\"fas fa-plus\"><\/i><\/span>\n\t\t\t\t\t\t\t\t<span class=\"elementor-accordion-icon-opened\"><i class=\"fas fa-minus\"><\/i><\/span>\n\t\t\t\t\t\t\t\t\t\t\t\t\t\t<\/span>\n\t\t\t\t\t\t\t\t\t\t\t\t<a class=\"elementor-accordion-title\" tabindex=\"0\">Sistema Nebulizador GreenTec<\/a>\n\t\t\t\t\t<\/div>\n\t\t\t\t\t<div id=\"elementor-tab-content-1211\" class=\"elementor-tab-content elementor-clearfix\" data-tab=\"1\" role=\"region\" aria-labelledby=\"elementor-tab-title-1211\"><ul><li><a href=\"https:\/\/lubmesam.com.mx\/greentec\/index.php\/sistema-nebulizador-greentec\/\">Sistema Nebulizador GreenTec<\/a><\/li><li><a href=\"https:\/\/lubmesam.com.mx\/greentec\/index.php\/bombas-para-sistema-nebulizador-greentec\/\">Bombas para Nebulizador<\/a><\/li><li><a href=\"https:\/\/lubmesam.com.mx\/greentec\/index.php\/estacion-de-bombeo\/\">Estaci\u00f3n de Bombeo<\/a><\/li><\/ul><\/div>\n\t\t\t\t<\/div>\n\t\t\t\t\t\t\t<div class=\"elementor-accordion-item\">\n\t\t\t\t\t<div id=\"elementor-tab-title-1212\" class=\"elementor-tab-title\" data-tab=\"2\" role=\"button\" aria-controls=\"elementor-tab-content-1212\" aria-expanded=\"false\">\n\t\t\t\t\t\t\t\t\t\t\t\t\t<span class=\"elementor-accordion-icon elementor-accordion-icon-left\" aria-hidden=\"true\">\n\t\t\t\t\t\t\t\t\t\t\t\t\t\t\t<span class=\"elementor-accordion-icon-closed\"><i class=\"fas fa-plus\"><\/i><\/span>\n\t\t\t\t\t\t\t\t<span class=\"elementor-accordion-icon-opened\"><i class=\"fas fa-minus\"><\/i><\/span>\n\t\t\t\t\t\t\t\t\t\t\t\t\t\t<\/span>\n\t\t\t\t\t\t\t\t\t\t\t\t<a class=\"elementor-accordion-title\" tabindex=\"0\">Sistema Pad-Climate<\/a>\n\t\t\t\t\t<\/div>\n\t\t\t\t\t<div id=\"elementor-tab-content-1212\" class=\"elementor-tab-content elementor-clearfix\" data-tab=\"2\" role=\"region\" aria-labelledby=\"elementor-tab-title-1212\"><ul><li><a href=\"https:\/\/lubmesam.com.mx\/greentec\/index.php\/pad-climate\/\">Sistema de Pared H\u00fameda<\/a><\/li><\/ul><\/div>\n\t\t\t\t<\/div>\n\t\t\t\t\t\t\t\t<\/div>\n\t\t\t\t\t\t<\/div>\n\t\t\t\t<\/div>\n\t\t\t\t\t<\/div>\n\t\t<\/div>\n\t\t\t\t\t<\/div>\n\t\t<\/section>\n\t\t\t\t<\/div>\n\t\t","protected":false},"excerpt":{"rendered":"<p>Productos Sistemas de Control Clim\u00e1tico Sistema Nebulizador GreenTec Sistema Nebulizador GreenTec Bombas para Nebulizador Estaci\u00f3n de Bombeo Sistema Pad-Climate Sistema de Pared H\u00fameda<\/p>\n","protected":false},"author":1,"featured_media":0,"parent":0,"menu_order":0,"comment_status":"closed","ping_status":"closed","template":"elementor_header_footer","meta":{"footnotes":""},"class_list":["post-168","page","type-page","status-publish","hentry"],"yoast_head":"<!-- This site is optimized with the Yoast SEO plugin v26.7 - https:\/\/yoast.com\/wordpress\/plugins\/seo\/ -->\n<title>Productos de Control Climatico - Greentec<\/title>\n<meta name=\"robots\" content=\"index, follow, max-snippet:-1, max-image-preview:large, max-video-preview:-1\" \/>\n<link rel=\"canonical\" href=\"https:\/\/lubmesam.com.mx\/greentec\/index.php\/productos-control-clima\/\" \/>\n<meta property=\"og:locale\" content=\"es_ES\" \/>\n<meta property=\"og:type\" content=\"article\" \/>\n<meta property=\"og:title\" content=\"Productos de Control Climatico - Greentec\" \/>\n<meta property=\"og:description\" content=\"Productos Sistemas de Control Clim\u00e1tico Sistema Nebulizador GreenTec Sistema Nebulizador GreenTec Bombas para Nebulizador Estaci\u00f3n de Bombeo Sistema Pad-Climate Sistema de Pared H\u00fameda\" \/>\n<meta property=\"og:url\" content=\"https:\/\/lubmesam.com.mx\/greentec\/index.php\/productos-control-clima\/\" \/>\n<meta property=\"og:site_name\" content=\"Greentec\" \/>\n<meta property=\"article:modified_time\" content=\"2023-07-25T19:03:53+00:00\" \/>\n<meta property=\"og:image\" content=\"https:\/\/lubmesam.com.mx\/greentec\/wp-content\/uploads\/2023\/01\/clima001.png\" \/>\n<meta name=\"twitter:card\" content=\"summary_large_image\" \/>\n<meta name=\"twitter:label1\" content=\"Tiempo de lectura\" \/>\n\t<meta name=\"twitter:data1\" content=\"1 minuto\" \/>\n<script type=\"application\/ld+json\" class=\"yoast-schema-graph\">{\"@context\":\"https:\/\/schema.org\",\"@graph\":[{\"@type\":\"WebPage\",\"@id\":\"https:\/\/lubmesam.com.mx\/greentec\/index.php\/productos-control-clima\/\",\"url\":\"https:\/\/lubmesam.com.mx\/greentec\/index.php\/productos-control-clima\/\",\"name\":\"Productos de Control Climatico - Greentec\",\"isPartOf\":{\"@id\":\"https:\/\/lubmesam.com.mx\/greentec\/#website\"},\"primaryImageOfPage\":{\"@id\":\"https:\/\/lubmesam.com.mx\/greentec\/index.php\/productos-control-clima\/#primaryimage\"},\"image\":{\"@id\":\"https:\/\/lubmesam.com.mx\/greentec\/index.php\/productos-control-clima\/#primaryimage\"},\"thumbnailUrl\":\"https:\/\/lubmesam.com.mx\/greentec\/wp-content\/uploads\/2023\/01\/clima001.png\",\"datePublished\":\"2023-01-28T00:24:13+00:00\",\"dateModified\":\"2023-07-25T19:03:53+00:00\",\"breadcrumb\":{\"@id\":\"https:\/\/lubmesam.com.mx\/greentec\/index.php\/productos-control-clima\/#breadcrumb\"},\"inLanguage\":\"es\",\"potentialAction\":[{\"@type\":\"ReadAction\",\"target\":[\"https:\/\/lubmesam.com.mx\/greentec\/index.php\/productos-control-clima\/\"]}]},{\"@type\":\"ImageObject\",\"inLanguage\":\"es\",\"@id\":\"https:\/\/lubmesam.com.mx\/greentec\/index.php\/productos-control-clima\/#primaryimage\",\"url\":\"https:\/\/lubmesam.com.mx\/greentec\/wp-content\/uploads\/2023\/01\/clima001.png\",\"contentUrl\":\"https:\/\/lubmesam.com.mx\/greentec\/wp-content\/uploads\/2023\/01\/clima001.png\",\"width\":500,\"height\":500},{\"@type\":\"BreadcrumbList\",\"@id\":\"https:\/\/lubmesam.com.mx\/greentec\/index.php\/productos-control-clima\/#breadcrumb\",\"itemListElement\":[{\"@type\":\"ListItem\",\"position\":1,\"name\":\"Portada\",\"item\":\"https:\/\/lubmesam.com.mx\/greentec\/\"},{\"@type\":\"ListItem\",\"position\":2,\"name\":\"Productos de Control Climatico\"}]},{\"@type\":\"WebSite\",\"@id\":\"https:\/\/lubmesam.com.mx\/greentec\/#website\",\"url\":\"https:\/\/lubmesam.com.mx\/greentec\/\",\"name\":\"Greentec\",\"description\":\"Productos de Lubing Mesoamericana para Invernaderos\",\"publisher\":{\"@id\":\"https:\/\/lubmesam.com.mx\/greentec\/#organization\"},\"potentialAction\":[{\"@type\":\"SearchAction\",\"target\":{\"@type\":\"EntryPoint\",\"urlTemplate\":\"https:\/\/lubmesam.com.mx\/greentec\/?s={search_term_string}\"},\"query-input\":{\"@type\":\"PropertyValueSpecification\",\"valueRequired\":true,\"valueName\":\"search_term_string\"}}],\"inLanguage\":\"es\"},{\"@type\":\"Organization\",\"@id\":\"https:\/\/lubmesam.com.mx\/greentec\/#organization\",\"name\":\"Greentec\",\"url\":\"https:\/\/lubmesam.com.mx\/greentec\/\",\"logo\":{\"@type\":\"ImageObject\",\"inLanguage\":\"es\",\"@id\":\"https:\/\/lubmesam.com.mx\/greentec\/#\/schema\/logo\/image\/\",\"url\":\"https:\/\/lubmesam.com.mx\/greentec\/wp-content\/uploads\/2023\/01\/LubingGreentecMesoLogoL.png\",\"contentUrl\":\"https:\/\/lubmesam.com.mx\/greentec\/wp-content\/uploads\/2023\/01\/LubingGreentecMesoLogoL.png\",\"width\":1000,\"height\":135,\"caption\":\"Greentec\"},\"image\":{\"@id\":\"https:\/\/lubmesam.com.mx\/greentec\/#\/schema\/logo\/image\/\"}}]}<\/script>\n<!-- \/ Yoast SEO plugin. -->","yoast_head_json":{"title":"Productos de Control Climatico - Greentec","robots":{"index":"index","follow":"follow","max-snippet":"max-snippet:-1","max-image-preview":"max-image-preview:large","max-video-preview":"max-video-preview:-1"},"canonical":"https:\/\/lubmesam.com.mx\/greentec\/index.php\/productos-control-clima\/","og_locale":"es_ES","og_type":"article","og_title":"Productos de Control Climatico - Greentec","og_description":"Productos Sistemas de Control Clim\u00e1tico Sistema Nebulizador GreenTec Sistema Nebulizador GreenTec Bombas para Nebulizador Estaci\u00f3n de Bombeo Sistema Pad-Climate Sistema de Pared H\u00fameda","og_url":"https:\/\/lubmesam.com.mx\/greentec\/index.php\/productos-control-clima\/","og_site_name":"Greentec","article_modified_time":"2023-07-25T19:03:53+00:00","og_image":[{"url":"https:\/\/lubmesam.com.mx\/greentec\/wp-content\/uploads\/2023\/01\/clima001.png","type":"","width":"","height":""}],"twitter_card":"summary_large_image","twitter_misc":{"Tiempo de lectura":"1 minuto"},"schema":{"@context":"https:\/\/schema.org","@graph":[{"@type":"WebPage","@id":"https:\/\/lubmesam.com.mx\/greentec\/index.php\/productos-control-clima\/","url":"https:\/\/lubmesam.com.mx\/greentec\/index.php\/productos-control-clima\/","name":"Productos de Control Climatico - Greentec","isPartOf":{"@id":"https:\/\/lubmesam.com.mx\/greentec\/#website"},"primaryImageOfPage":{"@id":"https:\/\/lubmesam.com.mx\/greentec\/index.php\/productos-control-clima\/#primaryimage"},"image":{"@id":"https:\/\/lubmesam.com.mx\/greentec\/index.php\/productos-control-clima\/#primaryimage"},"thumbnailUrl":"https:\/\/lubmesam.com.mx\/greentec\/wp-content\/uploads\/2023\/01\/clima001.png","datePublished":"2023-01-28T00:24:13+00:00","dateModified":"2023-07-25T19:03:53+00:00","breadcrumb":{"@id":"https:\/\/lubmesam.com.mx\/greentec\/index.php\/productos-control-clima\/#breadcrumb"},"inLanguage":"es","potentialAction":[{"@type":"ReadAction","target":["https:\/\/lubmesam.com.mx\/greentec\/index.php\/productos-control-clima\/"]}]},{"@type":"ImageObject","inLanguage":"es","@id":"https:\/\/lubmesam.com.mx\/greentec\/index.php\/productos-control-clima\/#primaryimage","url":"https:\/\/lubmesam.com.mx\/greentec\/wp-content\/uploads\/2023\/01\/clima001.png","contentUrl":"https:\/\/lubmesam.com.mx\/greentec\/wp-content\/uploads\/2023\/01\/clima001.png","width":500,"height":500},{"@type":"BreadcrumbList","@id":"https:\/\/lubmesam.com.mx\/greentec\/index.php\/productos-control-clima\/#breadcrumb","itemListElement":[{"@type":"ListItem","position":1,"name":"Portada","item":"https:\/\/lubmesam.com.mx\/greentec\/"},{"@type":"ListItem","position":2,"name":"Productos de Control Climatico"}]},{"@type":"WebSite","@id":"https:\/\/lubmesam.com.mx\/greentec\/#website","url":"https:\/\/lubmesam.com.mx\/greentec\/","name":"Greentec","description":"Productos de Lubing Mesoamericana para Invernaderos","publisher":{"@id":"https:\/\/lubmesam.com.mx\/greentec\/#organization"},"potentialAction":[{"@type":"SearchAction","target":{"@type":"EntryPoint","urlTemplate":"https:\/\/lubmesam.com.mx\/greentec\/?s={search_term_string}"},"query-input":{"@type":"PropertyValueSpecification","valueRequired":true,"valueName":"search_term_string"}}],"inLanguage":"es"},{"@type":"Organization","@id":"https:\/\/lubmesam.com.mx\/greentec\/#organization","name":"Greentec","url":"https:\/\/lubmesam.com.mx\/greentec\/","logo":{"@type":"ImageObject","inLanguage":"es","@id":"https:\/\/lubmesam.com.mx\/greentec\/#\/schema\/logo\/image\/","url":"https:\/\/lubmesam.com.mx\/greentec\/wp-content\/uploads\/2023\/01\/LubingGreentecMesoLogoL.png","contentUrl":"https:\/\/lubmesam.com.mx\/greentec\/wp-content\/uploads\/2023\/01\/LubingGreentecMesoLogoL.png","width":1000,"height":135,"caption":"Greentec"},"image":{"@id":"https:\/\/lubmesam.com.mx\/greentec\/#\/schema\/logo\/image\/"}}]}},"_links":{"self":[{"href":"https:\/\/lubmesam.com.mx\/greentec\/index.php\/wp-json\/wp\/v2\/pages\/168","targetHints":{"allow":["GET"]}}],"collection":[{"href":"https:\/\/lubmesam.com.mx\/greentec\/index.php\/wp-json\/wp\/v2\/pages"}],"about":[{"href":"https:\/\/lubmesam.com.mx\/greentec\/index.php\/wp-json\/wp\/v2\/types\/page"}],"author":[{"embeddable":true,"href":"https:\/\/lubmesam.com.mx\/greentec\/index.php\/wp-json\/wp\/v2\/users\/1"}],"replies":[{"embeddable":true,"href":"https:\/\/lubmesam.com.mx\/greentec\/index.php\/wp-json\/wp\/v2\/comments?post=168"}],"version-history":[{"count":13,"href":"https:\/\/lubmesam.com.mx\/greentec\/index.php\/wp-json\/wp\/v2\/pages\/168\/revisions"}],"predecessor-version":[{"id":746,"href":"https:\/\/lubmesam.com.mx\/greentec\/index.php\/wp-json\/wp\/v2\/pages\/168\/revisions\/746"}],"wp:attachment":[{"href":"https:\/\/lubmesam.com.mx\/greentec\/index.php\/wp-json\/wp\/v2\/media?parent=168"}],"curies":[{"name":"wp","href":"https:\/\/api.w.org\/{rel}","templated":true}]}}