{"id":398,"date":"2023-01-28T00:24:40","date_gmt":"2023-01-28T00:24:40","guid":{"rendered":"https:\/\/lubmesam.com.mx\/greentec\/index.php\/nosotros\/"},"modified":"2023-01-28T00:25:03","modified_gmt":"2023-01-28T00:25:03","slug":"nosotros","status":"publish","type":"page","link":"https:\/\/lubmesam.com.mx\/greentec\/index.php\/nosotros\/","title":{"rendered":"Nosotros"},"content":{"rendered":"\t\t<div data-elementor-type=\"wp-page\" data-elementor-id=\"398\" class=\"elementor elementor-398\" data-elementor-post-type=\"page\">\n\t\t\t\t\t\t<section class=\"elementor-section elementor-top-section elementor-element elementor-element-6da507d1 elementor-section-full_width elementor-section-height-min-height elementor-section-items-stretch elementor-section-content-middle elementor-reverse-tablet elementor-section-height-default\" data-id=\"6da507d1\" data-element_type=\"section\" data-settings=\"{&quot;background_background&quot;:&quot;classic&quot;}\">\n\t\t\t\t\t\t<div class=\"elementor-container elementor-column-gap-no\">\n\t\t\t\t\t<div class=\"elementor-column elementor-col-50 elementor-top-column elementor-element elementor-element-4a40acba\" data-id=\"4a40acba\" data-element_type=\"column\" data-settings=\"{&quot;background_background&quot;:&quot;classic&quot;}\">\n\t\t\t<div class=\"elementor-widget-wrap elementor-element-populated\">\n\t\t\t\t\t\t<div class=\"elementor-element elementor-element-50ce9d32 elementor-widget elementor-widget-heading\" data-id=\"50ce9d32\" data-element_type=\"widget\" data-widget_type=\"heading.default\">\n\t\t\t\t<div class=\"elementor-widget-container\">\n\t\t\t\t\t<h1 class=\"elementor-heading-title elementor-size-small\">LUBING Mesoamericana<\/h1>\t\t\t\t<\/div>\n\t\t\t\t<\/div>\n\t\t\t\t<div class=\"elementor-element elementor-element-38c78438 elementor-widget elementor-widget-text-editor\" data-id=\"38c78438\" data-element_type=\"widget\" data-widget_type=\"text-editor.default\">\n\t\t\t\t<div class=\"elementor-widget-container\">\n\t\t\t\t\t\t\t\t\t<p>Fundada en 1998, es la subsidiaria que representa a LUBING en M\u00e9xico y gran parte de America Latina.<\/p>\t\t\t\t\t\t\t\t<\/div>\n\t\t\t\t<\/div>\n\t\t\t\t\t<\/div>\n\t\t<\/div>\n\t\t\t\t<div class=\"elementor-column elementor-col-50 elementor-top-column elementor-element elementor-element-14f7bb7b\" data-id=\"14f7bb7b\" data-element_type=\"column\" data-settings=\"{&quot;background_background&quot;:&quot;classic&quot;}\">\n\t\t\t<div class=\"elementor-widget-wrap elementor-element-populated\">\n\t\t\t\t\t\t<div class=\"elementor-element elementor-element-fa06dbc elementor-widget elementor-widget-spacer\" data-id=\"fa06dbc\" data-element_type=\"widget\" data-widget_type=\"spacer.default\">\n\t\t\t\t<div class=\"elementor-widget-container\">\n\t\t\t\t\t\t\t<div class=\"elementor-spacer\">\n\t\t\t<div class=\"elementor-spacer-inner\"><\/div>\n\t\t<\/div>\n\t\t\t\t\t\t<\/div>\n\t\t\t\t<\/div>\n\t\t\t\t\t<\/div>\n\t\t<\/div>\n\t\t\t\t\t<\/div>\n\t\t<\/section>\n\t\t\t\t<section class=\"elementor-section elementor-top-section elementor-element elementor-element-49502143 elementor-section-height-min-height elementor-section-content-middle elementor-section-boxed elementor-section-height-default elementor-section-items-middle\" data-id=\"49502143\" data-element_type=\"section\" data-settings=\"{&quot;background_background&quot;:&quot;classic&quot;}\">\n\t\t\t\t\t\t<div class=\"elementor-container elementor-column-gap-no\">\n\t\t\t\t\t<div class=\"elementor-column elementor-col-100 elementor-top-column elementor-element elementor-element-65601696\" data-id=\"65601696\" data-element_type=\"column\">\n\t\t\t<div class=\"elementor-widget-wrap elementor-element-populated\">\n\t\t\t\t\t\t<div class=\"elementor-element elementor-element-280235f7 elementor-blockquote--skin-clean elementor-blockquote--align-center elementor-blockquote--button-color-official elementor-widget elementor-widget-blockquote\" data-id=\"280235f7\" data-element_type=\"widget\" data-widget_type=\"blockquote.default\">\n\t\t\t\t<div class=\"elementor-widget-container\">\n\t\t\t\t\t\t\t<blockquote class=\"elementor-blockquote\">\n\t\t\t<p class=\"elementor-blockquote__content\">\n\t\t\t\t\u00a1Estamos para servirle!\t\t\t<\/p>\n\t\t\t\t\t<\/blockquote>\n\t\t\t\t\t\t<\/div>\n\t\t\t\t<\/div>\n\t\t\t\t<div class=\"elementor-element elementor-element-2ec75eb6 elementor-blockquote--skin-clean elementor-blockquote--align-center elementor-blockquote--button-color-official elementor-widget elementor-widget-blockquote\" data-id=\"2ec75eb6\" data-element_type=\"widget\" data-widget_type=\"blockquote.default\">\n\t\t\t\t<div class=\"elementor-widget-container\">\n\t\t\t\t\t\t\t<blockquote class=\"elementor-blockquote\">\n\t\t\t<p class=\"elementor-blockquote__content\">\n\t\t\t\tNo podemos hablar de nosotros sin contar la historia de LUBING, <br>la empresa l\u00edder en el mercado con m\u00e1s de 70 a\u00f1os de desarrollo e innovaci\u00f3n.\t\t\t<\/p>\n\t\t\t\t\t<\/blockquote>\n\t\t\t\t\t\t<\/div>\n\t\t\t\t<\/div>\n\t\t\t\t\t<\/div>\n\t\t<\/div>\n\t\t\t\t\t<\/div>\n\t\t<\/section>\n\t\t\t\t<section class=\"elementor-section elementor-top-section elementor-element elementor-element-2ae11fc2 elementor-section-boxed elementor-section-height-default elementor-section-height-default\" data-id=\"2ae11fc2\" data-element_type=\"section\">\n\t\t\t\t\t\t<div class=\"elementor-container elementor-column-gap-default\">\n\t\t\t\t\t<div class=\"elementor-column elementor-col-100 elementor-top-column elementor-element elementor-element-349a185d\" data-id=\"349a185d\" data-element_type=\"column\">\n\t\t\t<div class=\"elementor-widget-wrap elementor-element-populated\">\n\t\t\t\t\t\t<div class=\"elementor-element elementor-element-3c5cdb75 elementor-widget elementor-widget-text-editor\" data-id=\"3c5cdb75\" data-element_type=\"widget\" data-widget_type=\"text-editor.default\">\n\t\t\t\t<div class=\"elementor-widget-container\">\n\t\t\t\t\t\t\t\t\t<p>Cuando Ludwig Bening fund\u00f3 su empresa de ingenier\u00eda, el 15 de mayo de 1949 en Barnstorf, no pod\u00eda haber imaginado que 73 a\u00f1os m\u00e1s tarde, LUBING nombre (derivado del nombre y el apellido del ingeniero), tendr\u00eda una reputaci\u00f3n en todo el mundo entre los agricultores y ganaderos, y ser sin\u00f3nimo de alta especializaci\u00f3n, en sistemas de bebederos, transportadores de huevos y sistemas de control de clima.<\/p><p>LUBING es considerado como un l\u00edder del mercado y siempre se esfuerza por satisfacer las altas expectativas con su personal calificado, a partir de productos de gran calidad e innovaciones que marcan tendencia.Nueve subsidiarias y 34 agencias dando servicio a 87 pa\u00edses hablan por s\u00ed mismos, as\u00ed como el hecho de que a partir de tres hombres de negocios, ahora la empresa cuenta con m\u00e1s de 200 empleados \u00fanicamente en Alemania.<\/p>\t\t\t\t\t\t\t\t<\/div>\n\t\t\t\t<\/div>\n\t\t\t\t\t<\/div>\n\t\t<\/div>\n\t\t\t\t\t<\/div>\n\t\t<\/section>\n\t\t\t\t<section class=\"elementor-section elementor-top-section elementor-element elementor-element-591a14c0 elementor-section-full_width elementor-section-height-min-height elementor-section-items-stretch elementor-section-content-middle elementor-reverse-mobile elementor-section-height-default\" data-id=\"591a14c0\" data-element_type=\"section\">\n\t\t\t\t\t\t<div class=\"elementor-container elementor-column-gap-no\">\n\t\t\t\t\t<div class=\"elementor-column elementor-col-50 elementor-top-column elementor-element elementor-element-68686c48\" data-id=\"68686c48\" data-element_type=\"column\" data-settings=\"{&quot;background_background&quot;:&quot;classic&quot;}\">\n\t\t\t<div class=\"elementor-widget-wrap elementor-element-populated\">\n\t\t\t\t\t\t<div class=\"elementor-element elementor-element-6ae2d496 elementor-widget elementor-widget-spacer\" data-id=\"6ae2d496\" data-element_type=\"widget\" data-widget_type=\"spacer.default\">\n\t\t\t\t<div class=\"elementor-widget-container\">\n\t\t\t\t\t\t\t<div class=\"elementor-spacer\">\n\t\t\t<div class=\"elementor-spacer-inner\"><\/div>\n\t\t<\/div>\n\t\t\t\t\t\t<\/div>\n\t\t\t\t<\/div>\n\t\t\t\t\t<\/div>\n\t\t<\/div>\n\t\t\t\t<div class=\"elementor-column elementor-col-50 elementor-top-column elementor-element elementor-element-60d14348\" data-id=\"60d14348\" data-element_type=\"column\">\n\t\t\t<div class=\"elementor-widget-wrap elementor-element-populated\">\n\t\t\t\t\t\t<div class=\"elementor-element elementor-element-a8d1e7f elementor-widget elementor-widget-heading\" data-id=\"a8d1e7f\" data-element_type=\"widget\" data-widget_type=\"heading.default\">\n\t\t\t\t<div class=\"elementor-widget-container\">\n\t\t\t\t\t<h2 class=\"elementor-heading-title elementor-size-large\">M\u00e1s de 70 a\u00f1os de desarrollo<\/h2>\t\t\t\t<\/div>\n\t\t\t\t<\/div>\n\t\t\t\t<div class=\"elementor-element elementor-element-63631136 elementor-widget elementor-widget-text-editor\" data-id=\"63631136\" data-element_type=\"widget\" data-widget_type=\"text-editor.default\">\n\t\t\t\t<div class=\"elementor-widget-container\">\n\t\t\t\t\t\t\t\t\t<p>En 1967 LUBING produjo el primer bebedero de niple para gallina de postura y cerdos. En los a\u00f1os siguientes, la producci\u00f3n de sistemas de bebedero para aves y cerdos, creci\u00f3 y se automatizo. El Combiniple con cuerpo de pl\u00e1stico fue desarrollado y patentado.<\/p><p>En 1971, se autoriz\u00f3 la primera Agencia de Representaci\u00f3n en el extranjero se con sede a Francia, donde finalmente el 1 de Septiembre, la compa\u00f1\u00eda LUBING Int. SARL se establece con participaci\u00f3n francesa y alemana.<\/p><p>En 1976 se crean filiales de LUBING en Inglaterra y Espa\u00f1a. Adem\u00e1s, este a\u00f1o se inicia la producci\u00f3n de transportadores transversales para el transporte de huevo y con ello se inicia la segunda \u00e1rea de mayor producci\u00f3n de la empresa.<\/p>\t\t\t\t\t\t\t\t<\/div>\n\t\t\t\t<\/div>\n\t\t\t\t\t<\/div>\n\t\t<\/div>\n\t\t\t\t\t<\/div>\n\t\t<\/section>\n\t\t\t\t<section class=\"elementor-section elementor-top-section elementor-element elementor-element-63bcb47d elementor-section-boxed elementor-section-height-default elementor-section-height-default\" data-id=\"63bcb47d\" data-element_type=\"section\">\n\t\t\t\t\t\t<div class=\"elementor-container elementor-column-gap-default\">\n\t\t\t\t\t<div class=\"elementor-column elementor-col-100 elementor-top-column elementor-element elementor-element-7ff28dcf\" data-id=\"7ff28dcf\" data-element_type=\"column\">\n\t\t\t<div class=\"elementor-widget-wrap elementor-element-populated\">\n\t\t\t\t\t\t<div class=\"elementor-element elementor-element-110726cd elementor-widget elementor-widget-text-editor\" data-id=\"110726cd\" data-element_type=\"widget\" data-widget_type=\"text-editor.default\">\n\t\t\t\t<div class=\"elementor-widget-container\">\n\t\t\t\t\t\t\t\t\t<p>En octubre de 1977, la filial BARKU Kunststofftechnik GmbH &amp; Co. KG fue fundada en Barnstorf. A partir de entonces todos los tubos, perfiles y componentes para el grupo de LUBING se produjeron en casa.<\/p><p>La d\u00e9cada de 1980 vio un crecimiento constante de las exportaciones a Estados Unidos, Australia y los pa\u00edses \u00e1rabes. En 1986, LUBING se expandi\u00f3 en la producci\u00f3n de sistemas de bebedero en piso y dos a\u00f1os m\u00e1s tarde LUBING Systems Corp. fue fundada en los Estados Unidos (Woodstock). En 1993 fue fundada LUBING en China, un a\u00f1o m\u00e1s tarde LUBING System SRL en Italia y en 1995 la primera empresa en participaci\u00f3n creada en India (Puna), dando lugar a la creaci\u00f3n de LUBING Systems Pvt. Ltd.<\/p><p>En 1996, el Sistema Top Climate LUBING ha sido desarrollado como tercera \u00e1rea de producci\u00f3n de la compa\u00f1\u00eda. En 1998 LUBING Mesoamericana S.A. fue fundada en Le\u00f3n (M\u00e8xico). Con las celebraciones del 50 aniversario en octubre de 1999, las instalaciones de producci\u00f3n de \u00abAm Kampe 60\u00bb casa matriz (Alemania), se extendieron otros 2.500 metros cuadrados y albergar\u00e1n ahora la operaci\u00f3n de producci\u00f3n completa. Adem\u00e1s se construy\u00f2, un nuevo edificio de administraci\u00f3n y se estableci\u00f3 un \u00abCentro de Investigaci\u00f3n\u00bb. Detr\u00e1s del departamento de investigaci\u00f3n y desarrollo, se alberga una sala de exposici\u00f3n, donde los clientes pueden obtener informaci\u00f3n sobre todas las l\u00edneas de productos. En los a\u00f1os siguientes, la compa\u00f1\u00eda continu\u00f3 su expansi\u00f3n. Desarrollo de nuevos productos tales como el transportador de huevos para gran pendiente y el regulador de presi\u00f3n \u201coptima\u201d, se a\u00f1adieron a la gama de productos de la compa\u00f1\u00eda.<\/p><p>En 2009, 60 a\u00f1os despu\u00e9s de la fundaci\u00f3n de la empresa, el niple n\u00f9mero 400.000.000 fue producido. Aparte de las grandes celebraciones del aniversario, la reuni\u00f3n de agentes LUBING tambi\u00e9n se llev\u00f3 a cabo durante este a\u00f1o. En esta ocasi\u00f3n los agentes de LUBING de todo el mundo se reunieron en Barnstorf para recibir informaci\u00f3n acerca de las mejoras de los productos y para intercambiar experiencias.<\/p>\t\t\t\t\t\t\t\t<\/div>\n\t\t\t\t<\/div>\n\t\t\t\t\t<\/div>\n\t\t<\/div>\n\t\t\t\t\t<\/div>\n\t\t<\/section>\n\t\t\t\t<section class=\"elementor-section elementor-top-section elementor-element elementor-element-5874d9 elementor-section-height-min-height elementor-section-content-middle elementor-section-boxed elementor-section-height-default elementor-section-items-middle\" data-id=\"5874d9\" data-element_type=\"section\" data-settings=\"{&quot;background_background&quot;:&quot;classic&quot;}\">\n\t\t\t\t\t\t<div class=\"elementor-container elementor-column-gap-no\">\n\t\t\t\t\t<div class=\"elementor-column elementor-col-100 elementor-top-column elementor-element elementor-element-17b60415\" data-id=\"17b60415\" data-element_type=\"column\">\n\t\t\t<div class=\"elementor-widget-wrap elementor-element-populated\">\n\t\t\t\t\t\t<div class=\"elementor-element elementor-element-72c118f2 elementor-blockquote--skin-clean elementor-blockquote--align-center elementor-blockquote--button-color-official elementor-widget elementor-widget-blockquote\" data-id=\"72c118f2\" data-element_type=\"widget\" data-widget_type=\"blockquote.default\">\n\t\t\t\t<div class=\"elementor-widget-container\">\n\t\t\t\t\t\t\t<blockquote class=\"elementor-blockquote\">\n\t\t\t<p class=\"elementor-blockquote__content\">\n\t\t\t\tPerspectivas de futuro\t\t\t<\/p>\n\t\t\t\t\t<\/blockquote>\n\t\t\t\t\t\t<\/div>\n\t\t\t\t<\/div>\n\t\t\t\t<div class=\"elementor-element elementor-element-3daea4fb elementor-widget elementor-widget-text-editor\" data-id=\"3daea4fb\" data-element_type=\"widget\" data-widget_type=\"text-editor.default\">\n\t\t\t\t<div class=\"elementor-widget-container\">\n\t\t\t\t\t\t\t\t\t<p>El s\u00f3lido desarrollo econ\u00f3mico, las innovaciones continuas y sistem\u00e1ticas de todos los productos, adem\u00e1s de una filosof\u00eda de calidad persistente que abarca desde la producci\u00f3n hasta el servicio, son los cimientos de nuestro \u00e9xito.<\/p>\t\t\t\t\t\t\t\t<\/div>\n\t\t\t\t<\/div>\n\t\t\t\t\t<\/div>\n\t\t<\/div>\n\t\t\t\t\t<\/div>\n\t\t<\/section>\n\t\t\t\t<section class=\"elementor-section elementor-top-section elementor-element elementor-element-2384c431 elementor-section-full_width elementor-section-height-min-height elementor-section-items-stretch elementor-section-content-middle elementor-reverse-mobile elementor-section-height-default\" data-id=\"2384c431\" data-element_type=\"section\">\n\t\t\t\t\t\t<div class=\"elementor-container elementor-column-gap-no\">\n\t\t\t\t\t<div class=\"elementor-column elementor-col-50 elementor-top-column elementor-element elementor-element-7dd0031b\" data-id=\"7dd0031b\" data-element_type=\"column\">\n\t\t\t<div class=\"elementor-widget-wrap elementor-element-populated\">\n\t\t\t\t\t\t<div class=\"elementor-element elementor-element-3ca120d9 elementor-widget elementor-widget-text-editor\" data-id=\"3ca120d9\" data-element_type=\"widget\" data-widget_type=\"text-editor.default\">\n\t\t\t\t<div class=\"elementor-widget-container\">\n\t\t\t\t\t\t\t\t\t<p>LUBING ha sido sin\u00f3nimo de innovaci\u00f3n y calidad durante 73 a\u00f1os y lo ha demostrado una y otra vez: m\u00e1s recientemente con el galardonado Optima E-Control, con el que gan\u00f3 la medalla de plata del Premio a la Innovaci\u00f3n en el EuroTier.<\/p><p>El a\u00f1o 2019 es el inicio de la toma de posesi\u00f3n de las instalaciones de BARKU. BARKU, que ya hab\u00eda establecido sus instalaciones de extrusi\u00f3n en Robert-Bosch-Stra\u00dfe, ampli\u00f3 sus instalaciones y se mud\u00f3 all\u00ed por completo.<\/p><p>LUBING se har\u00e1 cargo gradualmente en 2020 del sitio de 24.000 m\u00b2 con 7.500 m\u00b2 de superficie construida. Las instalaciones de la empresa LUBING ahora tienen un tama\u00f1o de 70.800 m\u00b2 con una superficie de nave de 16.500 m\u00b2 y, por lo tanto, estar\u00e1n muy bien equipadas para las pr\u00f3ximas tareas.<\/p>\t\t\t\t\t\t\t\t<\/div>\n\t\t\t\t<\/div>\n\t\t\t\t\t<\/div>\n\t\t<\/div>\n\t\t\t\t<div class=\"elementor-column elementor-col-50 elementor-top-column elementor-element elementor-element-a5d1d1d\" data-id=\"a5d1d1d\" data-element_type=\"column\" data-settings=\"{&quot;background_background&quot;:&quot;classic&quot;}\">\n\t\t\t<div class=\"elementor-widget-wrap elementor-element-populated\">\n\t\t\t\t\t\t<div class=\"elementor-element elementor-element-17667ce6 elementor-widget elementor-widget-spacer\" data-id=\"17667ce6\" data-element_type=\"widget\" data-widget_type=\"spacer.default\">\n\t\t\t\t<div class=\"elementor-widget-container\">\n\t\t\t\t\t\t\t<div class=\"elementor-spacer\">\n\t\t\t<div class=\"elementor-spacer-inner\"><\/div>\n\t\t<\/div>\n\t\t\t\t\t\t<\/div>\n\t\t\t\t<\/div>\n\t\t\t\t\t<\/div>\n\t\t<\/div>\n\t\t\t\t\t<\/div>\n\t\t<\/section>\n\t\t\t\t<\/div>\n\t\t","protected":false},"excerpt":{"rendered":"<p>LUBING Mesoamericana Fundada en 1998, es la subsidiaria que representa a LUBING en M\u00e9xico y gran parte de America Latina. \u00a1Estamos para servirle! No podemos hablar de nosotros sin contar la historia de LUBING, la empresa l\u00edder en el mercado con m\u00e1s de 70 a\u00f1os de desarrollo e innovaci\u00f3n. Cuando Ludwig Bening fund\u00f3 su empresa [&hellip;]<\/p>\n","protected":false},"author":1,"featured_media":0,"parent":0,"menu_order":0,"comment_status":"closed","ping_status":"closed","template":"elementor_header_footer","meta":{"footnotes":""},"class_list":["post-398","page","type-page","status-publish","hentry"],"yoast_head":"<!-- This site is optimized with the Yoast SEO plugin v26.7 - https:\/\/yoast.com\/wordpress\/plugins\/seo\/ -->\n<title>Nosotros - Greentec<\/title>\n<meta name=\"robots\" content=\"index, follow, max-snippet:-1, max-image-preview:large, max-video-preview:-1\" \/>\n<link rel=\"canonical\" href=\"https:\/\/lubmesam.com.mx\/greentec\/index.php\/nosotros\/\" \/>\n<meta property=\"og:locale\" content=\"es_ES\" \/>\n<meta property=\"og:type\" content=\"article\" \/>\n<meta property=\"og:title\" content=\"Nosotros - Greentec\" \/>\n<meta property=\"og:description\" content=\"LUBING Mesoamericana Fundada en 1998, es la subsidiaria que representa a LUBING en M\u00e9xico y gran parte de America Latina. \u00a1Estamos para servirle! No podemos hablar de nosotros sin contar la historia de LUBING, la empresa l\u00edder en el mercado con m\u00e1s de 70 a\u00f1os de desarrollo e innovaci\u00f3n. Cuando Ludwig Bening fund\u00f3 su empresa [&hellip;]\" \/>\n<meta property=\"og:url\" content=\"https:\/\/lubmesam.com.mx\/greentec\/index.php\/nosotros\/\" \/>\n<meta property=\"og:site_name\" content=\"Greentec\" \/>\n<meta property=\"article:modified_time\" content=\"2023-01-28T00:25:03+00:00\" \/>\n<meta name=\"twitter:card\" content=\"summary_large_image\" \/>\n<meta name=\"twitter:label1\" content=\"Tiempo de lectura\" \/>\n\t<meta name=\"twitter:data1\" content=\"4 minutos\" \/>\n<script type=\"application\/ld+json\" class=\"yoast-schema-graph\">{\"@context\":\"https:\/\/schema.org\",\"@graph\":[{\"@type\":\"WebPage\",\"@id\":\"https:\/\/lubmesam.com.mx\/greentec\/index.php\/nosotros\/\",\"url\":\"https:\/\/lubmesam.com.mx\/greentec\/index.php\/nosotros\/\",\"name\":\"Nosotros - Greentec\",\"isPartOf\":{\"@id\":\"https:\/\/lubmesam.com.mx\/greentec\/#website\"},\"datePublished\":\"2023-01-28T00:24:40+00:00\",\"dateModified\":\"2023-01-28T00:25:03+00:00\",\"breadcrumb\":{\"@id\":\"https:\/\/lubmesam.com.mx\/greentec\/index.php\/nosotros\/#breadcrumb\"},\"inLanguage\":\"es\",\"potentialAction\":[{\"@type\":\"ReadAction\",\"target\":[\"https:\/\/lubmesam.com.mx\/greentec\/index.php\/nosotros\/\"]}]},{\"@type\":\"BreadcrumbList\",\"@id\":\"https:\/\/lubmesam.com.mx\/greentec\/index.php\/nosotros\/#breadcrumb\",\"itemListElement\":[{\"@type\":\"ListItem\",\"position\":1,\"name\":\"Portada\",\"item\":\"https:\/\/lubmesam.com.mx\/greentec\/\"},{\"@type\":\"ListItem\",\"position\":2,\"name\":\"Nosotros\"}]},{\"@type\":\"WebSite\",\"@id\":\"https:\/\/lubmesam.com.mx\/greentec\/#website\",\"url\":\"https:\/\/lubmesam.com.mx\/greentec\/\",\"name\":\"Greentec\",\"description\":\"Productos de Lubing Mesoamericana para Invernaderos\",\"publisher\":{\"@id\":\"https:\/\/lubmesam.com.mx\/greentec\/#organization\"},\"potentialAction\":[{\"@type\":\"SearchAction\",\"target\":{\"@type\":\"EntryPoint\",\"urlTemplate\":\"https:\/\/lubmesam.com.mx\/greentec\/?s={search_term_string}\"},\"query-input\":{\"@type\":\"PropertyValueSpecification\",\"valueRequired\":true,\"valueName\":\"search_term_string\"}}],\"inLanguage\":\"es\"},{\"@type\":\"Organization\",\"@id\":\"https:\/\/lubmesam.com.mx\/greentec\/#organization\",\"name\":\"Greentec\",\"url\":\"https:\/\/lubmesam.com.mx\/greentec\/\",\"logo\":{\"@type\":\"ImageObject\",\"inLanguage\":\"es\",\"@id\":\"https:\/\/lubmesam.com.mx\/greentec\/#\/schema\/logo\/image\/\",\"url\":\"https:\/\/lubmesam.com.mx\/greentec\/wp-content\/uploads\/2023\/01\/LubingGreentecMesoLogoL.png\",\"contentUrl\":\"https:\/\/lubmesam.com.mx\/greentec\/wp-content\/uploads\/2023\/01\/LubingGreentecMesoLogoL.png\",\"width\":1000,\"height\":135,\"caption\":\"Greentec\"},\"image\":{\"@id\":\"https:\/\/lubmesam.com.mx\/greentec\/#\/schema\/logo\/image\/\"}}]}<\/script>\n<!-- \/ Yoast SEO plugin. -->","yoast_head_json":{"title":"Nosotros - Greentec","robots":{"index":"index","follow":"follow","max-snippet":"max-snippet:-1","max-image-preview":"max-image-preview:large","max-video-preview":"max-video-preview:-1"},"canonical":"https:\/\/lubmesam.com.mx\/greentec\/index.php\/nosotros\/","og_locale":"es_ES","og_type":"article","og_title":"Nosotros - Greentec","og_description":"LUBING Mesoamericana Fundada en 1998, es la subsidiaria que representa a LUBING en M\u00e9xico y gran parte de America Latina. \u00a1Estamos para servirle! No podemos hablar de nosotros sin contar la historia de LUBING, la empresa l\u00edder en el mercado con m\u00e1s de 70 a\u00f1os de desarrollo e innovaci\u00f3n. Cuando Ludwig Bening fund\u00f3 su empresa [&hellip;]","og_url":"https:\/\/lubmesam.com.mx\/greentec\/index.php\/nosotros\/","og_site_name":"Greentec","article_modified_time":"2023-01-28T00:25:03+00:00","twitter_card":"summary_large_image","twitter_misc":{"Tiempo de lectura":"4 minutos"},"schema":{"@context":"https:\/\/schema.org","@graph":[{"@type":"WebPage","@id":"https:\/\/lubmesam.com.mx\/greentec\/index.php\/nosotros\/","url":"https:\/\/lubmesam.com.mx\/greentec\/index.php\/nosotros\/","name":"Nosotros - Greentec","isPartOf":{"@id":"https:\/\/lubmesam.com.mx\/greentec\/#website"},"datePublished":"2023-01-28T00:24:40+00:00","dateModified":"2023-01-28T00:25:03+00:00","breadcrumb":{"@id":"https:\/\/lubmesam.com.mx\/greentec\/index.php\/nosotros\/#breadcrumb"},"inLanguage":"es","potentialAction":[{"@type":"ReadAction","target":["https:\/\/lubmesam.com.mx\/greentec\/index.php\/nosotros\/"]}]},{"@type":"BreadcrumbList","@id":"https:\/\/lubmesam.com.mx\/greentec\/index.php\/nosotros\/#breadcrumb","itemListElement":[{"@type":"ListItem","position":1,"name":"Portada","item":"https:\/\/lubmesam.com.mx\/greentec\/"},{"@type":"ListItem","position":2,"name":"Nosotros"}]},{"@type":"WebSite","@id":"https:\/\/lubmesam.com.mx\/greentec\/#website","url":"https:\/\/lubmesam.com.mx\/greentec\/","name":"Greentec","description":"Productos de Lubing Mesoamericana para Invernaderos","publisher":{"@id":"https:\/\/lubmesam.com.mx\/greentec\/#organization"},"potentialAction":[{"@type":"SearchAction","target":{"@type":"EntryPoint","urlTemplate":"https:\/\/lubmesam.com.mx\/greentec\/?s={search_term_string}"},"query-input":{"@type":"PropertyValueSpecification","valueRequired":true,"valueName":"search_term_string"}}],"inLanguage":"es"},{"@type":"Organization","@id":"https:\/\/lubmesam.com.mx\/greentec\/#organization","name":"Greentec","url":"https:\/\/lubmesam.com.mx\/greentec\/","logo":{"@type":"ImageObject","inLanguage":"es","@id":"https:\/\/lubmesam.com.mx\/greentec\/#\/schema\/logo\/image\/","url":"https:\/\/lubmesam.com.mx\/greentec\/wp-content\/uploads\/2023\/01\/LubingGreentecMesoLogoL.png","contentUrl":"https:\/\/lubmesam.com.mx\/greentec\/wp-content\/uploads\/2023\/01\/LubingGreentecMesoLogoL.png","width":1000,"height":135,"caption":"Greentec"},"image":{"@id":"https:\/\/lubmesam.com.mx\/greentec\/#\/schema\/logo\/image\/"}}]}},"_links":{"self":[{"href":"https:\/\/lubmesam.com.mx\/greentec\/index.php\/wp-json\/wp\/v2\/pages\/398","targetHints":{"allow":["GET"]}}],"collection":[{"href":"https:\/\/lubmesam.com.mx\/greentec\/index.php\/wp-json\/wp\/v2\/pages"}],"about":[{"href":"https:\/\/lubmesam.com.mx\/greentec\/index.php\/wp-json\/wp\/v2\/types\/page"}],"author":[{"embeddable":true,"href":"https:\/\/lubmesam.com.mx\/greentec\/index.php\/wp-json\/wp\/v2\/users\/1"}],"replies":[{"embeddable":true,"href":"https:\/\/lubmesam.com.mx\/greentec\/index.php\/wp-json\/wp\/v2\/comments?post=398"}],"version-history":[{"count":3,"href":"https:\/\/lubmesam.com.mx\/greentec\/index.php\/wp-json\/wp\/v2\/pages\/398\/revisions"}],"predecessor-version":[{"id":502,"href":"https:\/\/lubmesam.com.mx\/greentec\/index.php\/wp-json\/wp\/v2\/pages\/398\/revisions\/502"}],"wp:attachment":[{"href":"https:\/\/lubmesam.com.mx\/greentec\/index.php\/wp-json\/wp\/v2\/media?parent=398"}],"curies":[{"name":"wp","href":"https:\/\/api.w.org\/{rel}","templated":true}]}}